{"id":3,"date":"2019-04-08T15:49:47","date_gmt":"2019-04-08T13:49:47","guid":{"rendered":"http:\/\/localhost:8888\/altobello\/?page_id=3"},"modified":"2019-04-18T17:23:24","modified_gmt":"2019-04-18T15:23:24","slug":"privacy","status":"publish","type":"page","link":"https:\/\/www.altobellocarni.com\/it\/privacy\/","title":{"rendered":"Privacy Policy"},"content":{"rendered":"<div><strong>INFORMAZIONI SUL TRATTAMENTO DEI DATI PERSONALI<\/strong><\/div>\n<div>degli utenti che consultano il sito web di altobellocarni.com<\/div>\n<div>ai sensi dell\u2019art. 13 del d.lgs. 196\/2003 e dell\u2019articolo 13 del Regolamento (UE) 2016\/679<\/div>\n<div>\u00a0<\/div>\n<div><strong>PERCH\u00c9 QUESTE INFORMAZIONI<\/strong><\/div>\n<div>Ai sensi del d.lgs. 196\/2003 e del Regolamento (UE) 2016\/679 (di seguito \u201cRegolamento\u201d), questa pagina descrive le modalit\u00e0 di trattamento dei dati personali degli utenti che consultano il sito web di Altobello Carni Srl accessibili per via telematica al seguente indirizzo: altobellocarni.com<\/div>\n<div>\u00a0<\/div>\n<div>Informiamo l\u2019utente che a seguito della consultazione di questo sito possono essere trattati dati relativi a persone identificate o identificabili.<\/div>\n<div>Le presenti informazioni non riguardano altri siti, pagine o servizi online raggiungibili tramite link ipertestuali eventualmente pubblicati sul sito.<\/div>\n<div>\u00a0<\/div>\n<div><strong>TITOLARE DEL TRATTAMENTO<\/strong><\/div>\n<div>Titolare del trattamento \u00e8 Altobello Carni Srl, con sede in S.S 364 n. 12 Tornareccio (CH) 66046 Italia (Email: info@altobellocarni.com \/ t. +39 0872 868844).<\/div>\n<div>\u00a0<\/div>\n<div><strong>BASE GIURIDICA DEL TRATTAMENTO<\/strong><\/div>\n<div>L\u2019invio di posta elettronica agli indirizzi indicati su questo sito e\/o la compilazione di form di raccolta dati comporta la successiva acquisizione dell\u2019indirizzo del mittente, necessario per rispondere alle richieste, procedere alle richieste di informazione, nonch\u00e9 degli eventuali altri dati personali inseriti.<\/div>\n<div>Si precisa che la presente informativa si riferisce unicamente alle operazioni di trattamento effettuate su dati raccolti come sopra specificato.<\/div>\n<div>I dati personali forniti dagli utenti per l\u2019inoltro di eventuali richieste sono utilizzati al solo fine di fornire un riscontro, la prestazione e\/o il servizio richiesto e non sono comunicati a terzi, cos\u00ec come non saranno oggetto di diffusione.<\/div>\n<div>A parte quanto specificato per i dati di navigazione, l\u2019utente \u00e8 libero di fornire i dati personali.<\/div>\n<div>Il conferimento dei dati personali \u00e8 necessario per ricevere riscontro alla richiesta di informazioni inoltrata. Il mancato conferimento comporter\u00e0 l\u2019impossibilit\u00e0 di ricevere riscontro alla richiesta di informazioni da parte del titolare del trattamento.<\/div>\n<div>\u00a0<\/div>\n<div><strong>TIPI DI DATI TRATTATI E FINALIT\u00c0 DEL TRATTAMENTO<\/strong><\/div>\n<div><strong>Dati di navigazione<\/strong><\/div>\n<div>I sistemi informatici e le procedure software preposte al funzionamento di questo sito acquisiscono, nel corso del loro normale esercizio, alcuni dati personali la cui trasmissione \u00e8 implicita nell\u2019uso dei protocolli di comunicazione di Internet.<\/div>\n<div>In questa categoria di dati rientrano gli indirizzi IP o i nomi a dominio dei computer e dei terminali utilizzati dagli utenti, gli indirizzi in notazione URI\/URL (Uniform Resource Identifier\/Locator) delle risorse richieste, l\u2019orario della richiesta, il metodo utilizzato nel sottoporre la richiesta al server, la dimensione del file ottenuto in risposta, il codice numerico indicante lo stato della risposta data dal server (buon fine, errore, ecc.) ed altri parametri relativi al sistema operativo e all\u2019ambiente informatico dell\u2019utente.<\/div>\n<div>Tali dati, necessari per la fruizione dei servizi web, vengono anche trattati allo scopo di:<\/div>\n<div>ottenere informazioni statistiche sull\u2019uso dei servizi (pagine pi\u00f9 visitate, numero di visitatori per fascia oraria o giornaliera, aree geografiche di provenienza, ecc.);<\/div>\n<div>controllare il corretto funzionamento dei servizi offerti.<\/div>\n<div>I dati di navigazione non persistono per pi\u00f9 di sette giorni e vengono cancellati immediatamente dopo la loro aggregazione (salve eventuali necessit\u00e0 di accertamento di reati da parte dell\u2019Autorit\u00e0 giudiziaria).<\/div>\n<div>Dati comunicati dall\u2019utente<\/div>\n<div>L\u2019invio facoltativo, esplicito e volontario di messaggi agli indirizzi di contatto di Altobello Carni Srl, nonch\u00e9 la compilazione e l\u2019inoltro dei moduli presenti sul sito, comportano l\u2019acquisizione dei dati di contatto del mittente, necessari a rispondere, nonch\u00e9 di tutti i dati personali inclusi nelle comunicazioni.<\/div>\n<div>I dati forniti saranno utilizzati con strumenti informatici e telematici al solo fine di fornire il servizio richiesto e, per tale ragione, saranno conservati esclusivamente per il periodo in cui lo stesso sar\u00e0 attivo.<\/div>\n<div><strong>Dati statistici<\/strong><\/div>\n<div>I servizi contenuti nella presente sezione permettono al Titolare del Trattamento di monitorare e analizzare i dati di traffico e servono a tener traccia del comportamento dell\u2019Utente.<\/div>\n<div>Google Analytics (Google Inc.)<\/div>\n<div>Google Analytics \u00e8 un servizio di analisi web fornito da Google Inc. (\u201cGoogle\u201d). Google utilizza i Dati Personali raccolti allo scopo di tracciare ed esaminare l\u2019utilizzo di questa Applicazione, compilare report e condividerli con gli altri servizi sviluppati da Google.<\/div>\n<div>Google potrebbe utilizzare i Dati Personali per contestualizzare e personalizzare gli annunci del proprio network pubblicitario.<\/div>\n<div>Dati Personali raccolti: Cookie e Dati di Utilizzo.<\/div>\n<div>Luogo del trattamento: USA \u2013 Privacy Policy \u2013 Opt Out<\/div>\n<div>Google Maps (Google Inc.)<\/div>\n<div>Luogo del trattamento: USA \u2013 Widget Google Maps (Google Inc.)<\/div>\n<div>Google Adsense (Google Inc.)<\/div>\n<div>I fornitori di terze parti, tra cui Google, utilizzano cookie per pubblicare annunci in base alle precedenti visite di un utente al nostro o ad altri siti web.<\/div>\n<div>L\u2019utilizzo dei cookie per la pubblicit\u00e0 consente a Google e ai suoi partner di pubblicare annunci per gli utenti in base alla loro visita ai nostri siti e\/o ad altri siti Internet.<\/div>\n<div>Gli utenti possono scegliere di disattivare la pubblicit\u00e0 personalizzata, visitando la pagina Impostazioni annunci. In alternativa, gli utenti possono disattivare l\u2019uso di cookie da parte di fornitori di terze parti per la pubblicit\u00e0 personalizzata, visitando la pagina www.aboutads.info.<\/div>\n<div>YouTube (Google Inc.)<\/div>\n<div>Luogo del trattamento: USA \u2013 Widget YouTube (Google Inc.)<\/div>\n<div>\u00a0<\/div>\n<div><strong>MODALITA\u2019 DEL TRATTAMENTO E CONSERVAZIONE<\/strong><\/div>\n<div>Il trattamento dei Suoi dati personali avverr\u00e0 presso la Altobello Carni Srl e sar\u00e0 svolto in forma automatizzata e manuale, con modalit\u00e0 e strumenti volti a garantire la massima sicurezza e riservatezza, ad opera di soggetti espressamente autorizzati per il tempo strettamente necessario a conseguire gli scopi per cui sono stati raccolti. Specifiche misure di sicurezza sono osservate per prevenire la perdita dei dati, usi illeciti o non corretti ed accessi non autorizzati.<\/div>\n<div>\u00a0<\/div>\n<div><strong>DESTINATARI DEI DATI<\/strong><\/div>\n<div>Sono destinatari dei dati raccolti a seguito della consultazione del succitato sito i seguenti soggetti, ai sensi dell\u2019articolo 28 del Regolamento, quali responsabili del trattamento:<\/div>\n<div>Altobello Carni Srl, relativamente al sito www.altobellocarni.com, quale proprietario della piattaforma web;<\/div>\n<div>I dati personali raccolti sono altres\u00ec trattati dai soggetti autorizzati interni di Altobello Carni Srl, che agiscono sulla base di specifiche istruzioni fornite in ordine a finalit\u00e0 e modalit\u00e0 del trattamento medesimo.<\/div>\n<div>\u00a0<\/div>\n<div><strong>DIRITTI DEGLI INTERESSATI<\/strong><\/div>\n<div>Gli interessati hanno il diritto di ottenere da Altobello Carni Srl, nei casi previsti, l\u2019accesso ai dati personali e la rettifica o la cancellazione degli stessi o la limitazione del trattamento che li riguarda o di opporsi al trattamento (artt. 15 e ss. del Regolamento). L\u2019apposita istanza \u00e8 presentata contattando Altobello Carni Srl tramite mail su info@altobellocarni.com .<\/div>\n<div>\u00a0<\/div>\n<div><strong>DIRITTO DI RECLAMO<\/strong><\/div>\n<div>Gli interessati che ritengono che il trattamento dei dati personali a loro riferiti effettuato attraverso questo sito avvenga in violazione di quanto previsto dal Regolamento hanno il diritto di proporre reclamo al Garante, come previsto dall\u2019art. 77 del Regolamento stesso, o di adire le opportune sedi giudiziarie (art. 79 del Regolamento).<\/div>\n<div>\u00a0<\/div>\n","protected":false},"excerpt":{"rendered":"<p>INFORMAZIONI SUL TRATTAMENTO DEI DATI PERSONALI degli utenti che consultano il sito web di altobellocarni.com ai sensi dell\u2019art. 13 del d.lgs. 196\/2003 e dell\u2019articolo 13 del<span class=\"excerpt-hellip\"> [\u2026]<\/span><\/p>\n","protected":false},"author":1,"featured_media":0,"parent":0,"menu_order":0,"comment_status":"closed","ping_status":"open","template":"","meta":[],"_links":{"self":[{"href":"https:\/\/www.altobellocarni.com\/it\/wp-json\/wp\/v2\/pages\/3\/"}],"collection":[{"href":"https:\/\/www.altobellocarni.com\/it\/wp-json\/wp\/v2\/pages\/"}],"about":[{"href":"https:\/\/www.altobellocarni.com\/it\/wp-json\/wp\/v2\/types\/page\/"}],"author":[{"embeddable":true,"href":"https:\/\/www.altobellocarni.com\/it\/wp-json\/wp\/v2\/users\/1\/"}],"replies":[{"embeddable":true,"href":"https:\/\/www.altobellocarni.com\/it\/wp-json\/wp\/v2\/comments\/?post=3"}],"version-history":[{"count":3,"href":"https:\/\/www.altobellocarni.com\/it\/wp-json\/wp\/v2\/pages\/3\/revisions\/"}],"predecessor-version":[{"id":547,"href":"https:\/\/www.altobellocarni.com\/it\/wp-json\/wp\/v2\/pages\/3\/revisions\/547\/"}],"wp:attachment":[{"href":"https:\/\/www.altobellocarni.com\/it\/wp-json\/wp\/v2\/media\/?parent=3"}],"curies":[{"name":"wp","href":"https:\/\/api.w.org\/{rel}","templated":true}]}}